{"id":414,"date":"2024-04-13T14:08:48","date_gmt":"2024-04-13T12:08:48","guid":{"rendered":"https:\/\/firniss.synology.me\/wordpress\/?page_id=414"},"modified":"2026-04-10T16:04:46","modified_gmt":"2026-04-10T14:04:46","slug":"philosophie","status":"publish","type":"page","link":"https:\/\/firniss.synology.me\/wordpress\/?page_id=414","title":{"rendered":"Philosophie"},"content":{"rendered":"\t\t<div data-elementor-type=\"wp-page\" data-elementor-id=\"414\" class=\"elementor elementor-414\">\n\t\t\t\t<div class=\"elementor-element elementor-element-13049c1 e-flex e-con-boxed e-con e-parent\" data-id=\"13049c1\" data-element_type=\"container\" data-e-type=\"container\">\n\t\t\t\t\t<div class=\"e-con-inner\">\n\t\t\t\t<div class=\"elementor-element elementor-element-39fba68 elementor-widget elementor-widget-heading\" data-id=\"39fba68\" data-element_type=\"widget\" data-e-type=\"widget\" data-widget_type=\"heading.default\">\n\t\t\t\t<div class=\"elementor-widget-container\">\n\t\t\t\t\t<h2 class=\"elementor-heading-title elementor-size-default\">Philosophie<\/h2>\t\t\t\t<\/div>\n\t\t\t\t<\/div>\n\t\t\t\t<div class=\"elementor-element elementor-element-782af4c elementor-widget elementor-widget-image\" data-id=\"782af4c\" data-element_type=\"widget\" data-e-type=\"widget\" data-widget_type=\"image.default\">\n\t\t\t\t<div class=\"elementor-widget-container\">\n\t\t\t\t\t\t\t\t\t\t\t\t\t\t\t<img fetchpriority=\"high\" decoding=\"async\" width=\"800\" height=\"534\" src=\"https:\/\/firniss.synology.me\/wordpress\/wp-content\/uploads\/2024\/03\/jardin_klein-1024x683.jpg\" class=\"attachment-large size-large wp-image-257\" alt=\"\" srcset=\"https:\/\/firniss.synology.me\/wordpress\/wp-content\/uploads\/2024\/03\/jardin_klein-1024x683.jpg 1024w, https:\/\/firniss.synology.me\/wordpress\/wp-content\/uploads\/2024\/03\/jardin_klein-300x200.jpg 300w, https:\/\/firniss.synology.me\/wordpress\/wp-content\/uploads\/2024\/03\/jardin_klein-768x512.jpg 768w, https:\/\/firniss.synology.me\/wordpress\/wp-content\/uploads\/2024\/03\/jardin_klein-1536x1024.jpg 1536w, https:\/\/firniss.synology.me\/wordpress\/wp-content\/uploads\/2024\/03\/jardin_klein.jpg 1620w\" sizes=\"(max-width: 800px) 100vw, 800px\" \/>\t\t\t\t\t\t\t\t\t\t\t\t\t\t\t<\/div>\n\t\t\t\t<\/div>\n\t\t\t\t\t<\/div>\n\t\t\t\t<\/div>\n\t\t<div class=\"elementor-element elementor-element-2857dc7 e-flex e-con-boxed e-con e-parent\" data-id=\"2857dc7\" data-element_type=\"container\" data-e-type=\"container\">\n\t\t\t\t\t<div class=\"e-con-inner\">\n\t\t\t\t\t<\/div>\n\t\t\t\t<\/div>\n\t\t<div class=\"elementor-element elementor-element-85d3c63 e-flex e-con-boxed e-con e-parent\" data-id=\"85d3c63\" data-element_type=\"container\" data-e-type=\"container\">\n\t\t\t\t\t<div class=\"e-con-inner\">\n\t\t<div class=\"elementor-element elementor-element-7fad909 e-con-full e-flex e-con e-child\" data-id=\"7fad909\" data-element_type=\"container\" data-e-type=\"container\">\n\t\t\t\t<div class=\"elementor-element elementor-element-58ab311 elementor-widget elementor-widget-text-editor\" data-id=\"58ab311\" data-element_type=\"widget\" data-e-type=\"widget\" data-widget_type=\"text-editor.default\">\n\t\t\t\t<div class=\"elementor-widget-container\">\n\t\t\t\t\t\t\t\t\t<p>\ud83c\uddeb\ud83c\uddf7 Qu\u2019est-ce que l\u2019ost\u00e9opathie ?<\/p><p>Une discipline m\u00e9dicale dans laquelle la question est : d\u2019o\u00f9 vient le trouble plut\u00f4t que la question de ce qui d\u00e9range.<\/p><p>Cela d\u00e9crit presque les bases philosophiques de l\u2019ost\u00e9opathie. L&rsquo;ost\u00e9opathe recherche les zones d&rsquo;interf\u00e9rence dans le corps en les trouvant avec ses mains et en interrogeant le patient. Ceux-ci peuvent \u00eatre tr\u00e8s \u00e9loign\u00e9s des sympt\u00f4mes. Cela se traduit \u00e9galement par la capacit\u00e9 de traiter de mani\u00e8re pr\u00e9ventive et non seulement curative.<br \/>Tout doit rester fluide, mobile, mall\u00e9able.<\/p><p>Ma photo ici est une belle m\u00e9taphore de cette compr\u00e9hension fluide.<\/p><p>Alors venez chez l&rsquo;ost\u00e9opathe deux fois par an, m\u00eame si \u00e7a ne fait pas encore mal, mais avant.<\/p>\t\t\t\t\t\t\t\t<\/div>\n\t\t\t\t<\/div>\n\t\t\t\t<\/div>\n\t\t<div class=\"elementor-element elementor-element-68e6295 e-con-full e-flex e-con e-child\" data-id=\"68e6295\" data-element_type=\"container\" data-e-type=\"container\">\n\t\t\t\t<div class=\"elementor-element elementor-element-aff521f elementor-widget elementor-widget-text-editor\" data-id=\"aff521f\" data-element_type=\"widget\" data-e-type=\"widget\" data-widget_type=\"text-editor.default\">\n\t\t\t\t<div class=\"elementor-widget-container\">\n\t\t\t\t\t\t\t\t\t<p>\ud83c\udde9\ud83c\uddea Was ist Osteopathie?<\/p><p>Eine medizinische Disziplin bei der die Fragestellung ist: woher kommt die St\u00f6rung anstelle der Frage was st\u00f6rt.<\/p><p>Damit ist die philosophische Grundlage der Osteopathie fast schon beschrieben. Durch auffinden mit den H\u00e4nden und Befragung des Patienten sucht der Osteopath nach St\u00f6rfeldern im K\u00f6rper. Diese k\u00f6nnen weit von den Symtomen entfernt sein. Daraus resultiert auch die F\u00e4higkeit preventif zu behandel und nicht nur curatif.<br \/>Alles muss im Fluss bleiben, Mobil sein, beweglich sein.<\/p><p>Mein Bild hier oben ist eine sch\u00f6ne Metapher f\u00fcr dieses fliessende Verst\u00e4ndnis.<\/p><p>Also kommen Sie 2x im Jahr zum Osteopathen, auch wenn es noch nicht weh tut, sondern vorher.<\/p>\t\t\t\t\t\t\t\t<\/div>\n\t\t\t\t<\/div>\n\t\t\t\t<\/div>\n\t\t\t\t\t<\/div>\n\t\t\t\t<\/div>\n\t\t\t\t<\/div>\n\t\t","protected":false},"excerpt":{"rendered":"<p>Philosophie \ud83c\uddeb\ud83c\uddf7 Qu\u2019est-ce que l\u2019ost\u00e9opathie ? Une discipline m\u00e9dicale dans laquelle la question est : d\u2019o\u00f9 vient le trouble plut\u00f4t que la question de ce qui d\u00e9range. Cela d\u00e9crit presque les bases philosophiques de l\u2019ost\u00e9opathie. L&rsquo;ost\u00e9opathe recherche les zones d&rsquo;interf\u00e9rence dans le corps en les trouvant avec ses mains et en interrogeant le patient. Ceux-ci [&hellip;]<\/p>\n","protected":false},"author":1,"featured_media":0,"parent":187,"menu_order":4,"comment_status":"closed","ping_status":"closed","template":"","meta":{"footnotes":""},"class_list":["post-414","page","type-page","status-publish","hentry"],"_links":{"self":[{"href":"https:\/\/firniss.synology.me\/wordpress\/index.php?rest_route=\/wp\/v2\/pages\/414","targetHints":{"allow":["GET"]}}],"collection":[{"href":"https:\/\/firniss.synology.me\/wordpress\/index.php?rest_route=\/wp\/v2\/pages"}],"about":[{"href":"https:\/\/firniss.synology.me\/wordpress\/index.php?rest_route=\/wp\/v2\/types\/page"}],"author":[{"embeddable":true,"href":"https:\/\/firniss.synology.me\/wordpress\/index.php?rest_route=\/wp\/v2\/users\/1"}],"replies":[{"embeddable":true,"href":"https:\/\/firniss.synology.me\/wordpress\/index.php?rest_route=%2Fwp%2Fv2%2Fcomments&post=414"}],"version-history":[{"count":23,"href":"https:\/\/firniss.synology.me\/wordpress\/index.php?rest_route=\/wp\/v2\/pages\/414\/revisions"}],"predecessor-version":[{"id":552,"href":"https:\/\/firniss.synology.me\/wordpress\/index.php?rest_route=\/wp\/v2\/pages\/414\/revisions\/552"}],"up":[{"embeddable":true,"href":"https:\/\/firniss.synology.me\/wordpress\/index.php?rest_route=\/wp\/v2\/pages\/187"}],"wp:attachment":[{"href":"https:\/\/firniss.synology.me\/wordpress\/index.php?rest_route=%2Fwp%2Fv2%2Fmedia&parent=414"}],"curies":[{"name":"wp","href":"https:\/\/api.w.org\/{rel}","templated":true}]}}