{"id":289,"date":"2024-03-28T11:12:36","date_gmt":"2024-03-28T10:12:36","guid":{"rendered":"https:\/\/firniss.synology.me\/wordpress\/?page_id=289"},"modified":"2026-04-10T16:04:58","modified_gmt":"2026-04-10T14:04:58","slug":"mentions-legales","status":"publish","type":"page","link":"https:\/\/firniss.synology.me\/wordpress\/?page_id=289","title":{"rendered":"Mentions Legales"},"content":{"rendered":"\t\t<div data-elementor-type=\"wp-page\" data-elementor-id=\"289\" class=\"elementor elementor-289\">\n\t\t\t\t<div class=\"elementor-element elementor-element-a367d9c e-flex e-con-boxed e-con e-parent\" data-id=\"a367d9c\" data-element_type=\"container\" data-e-type=\"container\">\n\t\t\t\t\t<div class=\"e-con-inner\">\n\t\t\t\t<div class=\"elementor-element elementor-element-ce9a568 elementor-widget elementor-widget-heading\" data-id=\"ce9a568\" data-element_type=\"widget\" data-e-type=\"widget\" data-widget_type=\"heading.default\">\n\t\t\t\t<div class=\"elementor-widget-container\">\n\t\t\t\t\t<h2 class=\"elementor-heading-title elementor-size-default\">Mentions legales<\/h2>\t\t\t\t<\/div>\n\t\t\t\t<\/div>\n\t\t\t\t\t<\/div>\n\t\t\t\t<\/div>\n\t\t<div class=\"elementor-element elementor-element-05d0534 e-flex e-con-boxed e-con e-parent\" data-id=\"05d0534\" data-element_type=\"container\" data-e-type=\"container\">\n\t\t\t\t\t<div class=\"e-con-inner\">\n\t\t\t\t<div class=\"elementor-element elementor-element-ebb880f elementor-widget elementor-widget-text-editor\" data-id=\"ebb880f\" data-element_type=\"widget\" data-e-type=\"widget\" data-widget_type=\"text-editor.default\">\n\t\t\t\t<div class=\"elementor-widget-container\">\n\t\t\t\t\t\t\t\t\t<p><b>Informations l\u00e9gales<\/b><\/p><p><b>Si\u00e8ge social<\/b><\/p><p>FIRNISS MARTIN ei<br \/>Ost\u00e9opathe, D.O.<br \/>entrepreneur individuel (e.i.)<br \/>13 rue des fontaines<br \/>67110 Oberbronn<\/p><p><b>Contact<\/b><\/p><p>T\u00e9l\u00e9phone : 0624358505<br \/>Email : oberbronn@osteopathie.net<\/p><p><b>Repr\u00e9sentant l\u00e9gal<\/b><\/p><p>Martin Firniss<\/p><p><b>Immatriculation<\/b><\/p><p>Identifiant RPPS : 10010494457<br \/>N\u00b0 SIRET 403 594 526 00044<br \/>Code APE\/NAF 8690F<\/p><p>Membre du Syndicat National des Osteopathes de France<\/p><p><b>H\u00e9bergeur du site<\/b><\/p><p>Serveur CabOsteo\u00a9 Oberbronn<\/p>\t\t\t\t\t\t\t\t<\/div>\n\t\t\t\t<\/div>\n\t\t\t\t\t<\/div>\n\t\t\t\t<\/div>\n\t\t\t\t<\/div>\n\t\t","protected":false},"excerpt":{"rendered":"<p>Mentions legales Informations l\u00e9gales Si\u00e8ge social FIRNISS MARTIN eiOst\u00e9opathe, D.O.entrepreneur individuel (e.i.)13 rue des fontaines67110 Oberbronn Contact T\u00e9l\u00e9phone : 0624358505Email : oberbronn@osteopathie.net Repr\u00e9sentant l\u00e9gal Martin Firniss Immatriculation Identifiant RPPS : 10010494457N\u00b0 SIRET 403 594 526 00044Code APE\/NAF 8690F Membre du Syndicat National des Osteopathes de France H\u00e9bergeur du site Serveur CabOsteo\u00a9 Oberbronn<\/p>\n","protected":false},"author":1,"featured_media":0,"parent":187,"menu_order":5,"comment_status":"closed","ping_status":"closed","template":"","meta":{"footnotes":""},"class_list":["post-289","page","type-page","status-publish","hentry"],"_links":{"self":[{"href":"https:\/\/firniss.synology.me\/wordpress\/index.php?rest_route=\/wp\/v2\/pages\/289","targetHints":{"allow":["GET"]}}],"collection":[{"href":"https:\/\/firniss.synology.me\/wordpress\/index.php?rest_route=\/wp\/v2\/pages"}],"about":[{"href":"https:\/\/firniss.synology.me\/wordpress\/index.php?rest_route=\/wp\/v2\/types\/page"}],"author":[{"embeddable":true,"href":"https:\/\/firniss.synology.me\/wordpress\/index.php?rest_route=\/wp\/v2\/users\/1"}],"replies":[{"embeddable":true,"href":"https:\/\/firniss.synology.me\/wordpress\/index.php?rest_route=%2Fwp%2Fv2%2Fcomments&post=289"}],"version-history":[{"count":33,"href":"https:\/\/firniss.synology.me\/wordpress\/index.php?rest_route=\/wp\/v2\/pages\/289\/revisions"}],"predecessor-version":[{"id":583,"href":"https:\/\/firniss.synology.me\/wordpress\/index.php?rest_route=\/wp\/v2\/pages\/289\/revisions\/583"}],"up":[{"embeddable":true,"href":"https:\/\/firniss.synology.me\/wordpress\/index.php?rest_route=\/wp\/v2\/pages\/187"}],"wp:attachment":[{"href":"https:\/\/firniss.synology.me\/wordpress\/index.php?rest_route=%2Fwp%2Fv2%2Fmedia&parent=289"}],"curies":[{"name":"wp","href":"https:\/\/api.w.org\/{rel}","templated":true}]}}