{"id":239,"date":"2023-07-03T22:32:44","date_gmt":"2023-07-03T20:32:44","guid":{"rendered":"https:\/\/firniss.synology.me\/wordpress\/?page_id=239"},"modified":"2026-04-10T16:04:29","modified_gmt":"2026-04-10T14:04:29","slug":"parking","status":"publish","type":"page","link":"https:\/\/firniss.synology.me\/wordpress\/?page_id=239","title":{"rendered":"Parking"},"content":{"rendered":"\t\t<div data-elementor-type=\"wp-page\" data-elementor-id=\"239\" class=\"elementor elementor-239\">\n\t\t\t\t\t\t<section class=\"elementor-section elementor-top-section elementor-element elementor-element-e9f9d21 elementor-section-boxed elementor-section-height-default elementor-section-height-default\" data-id=\"e9f9d21\" data-element_type=\"section\" data-e-type=\"section\">\n\t\t\t\t\t\t<div class=\"elementor-container elementor-column-gap-default\">\n\t\t\t\t\t<div class=\"elementor-column elementor-col-100 elementor-top-column elementor-element elementor-element-6c52cd4\" data-id=\"6c52cd4\" data-element_type=\"column\" data-e-type=\"column\">\n\t\t\t<div class=\"elementor-widget-wrap elementor-element-populated\">\n\t\t\t\t\t\t<div class=\"elementor-element elementor-element-7c09de5 elementor-widget elementor-widget-heading\" data-id=\"7c09de5\" data-element_type=\"widget\" data-e-type=\"widget\" data-widget_type=\"heading.default\">\n\t\t\t\t<div class=\"elementor-widget-container\">\n\t\t\t\t\t<h2 class=\"elementor-heading-title elementor-size-default\">Parking<\/h2>\t\t\t\t<\/div>\n\t\t\t\t<\/div>\n\t\t\t\t\t<\/div>\n\t\t<\/div>\n\t\t\t\t\t<\/div>\n\t\t<\/section>\n\t\t\t\t<section class=\"elementor-section elementor-top-section elementor-element elementor-element-3ae6e37 elementor-section-boxed elementor-section-height-default elementor-section-height-default\" data-id=\"3ae6e37\" data-element_type=\"section\" data-e-type=\"section\">\n\t\t\t\t\t\t<div class=\"elementor-container elementor-column-gap-default\">\n\t\t\t\t\t<div class=\"elementor-column elementor-col-50 elementor-top-column elementor-element elementor-element-34cd2d0\" data-id=\"34cd2d0\" data-element_type=\"column\" data-e-type=\"column\">\n\t\t\t<div class=\"elementor-widget-wrap elementor-element-populated\">\n\t\t\t\t\t\t<div class=\"elementor-element elementor-element-281c8cc elementor-widget elementor-widget-text-editor\" data-id=\"281c8cc\" data-element_type=\"widget\" data-e-type=\"widget\" data-widget_type=\"text-editor.default\">\n\t\t\t\t<div class=\"elementor-widget-container\">\n\t\t\t\t\t\t\t\t\t<p>\ud83c\uddeb\ud83c\uddf7 Vous pouvez trouver un parking \u00e0 proximit\u00e9 ou sur place. A noter que l&rsquo;acc\u00e8s au parking dans la cour n&rsquo;est possible que depuis le centre-ville. Regardez les photos ci-dessous, le parking 1 est dans la cour, le parking 2 \u00e0 la ch\u00e2teau d&rsquo;eau d\u00e9truite.<\/p>\t\t\t\t\t\t\t\t<\/div>\n\t\t\t\t<\/div>\n\t\t\t\t\t<\/div>\n\t\t<\/div>\n\t\t\t\t<div class=\"elementor-column elementor-col-50 elementor-top-column elementor-element elementor-element-0992ce9\" data-id=\"0992ce9\" data-element_type=\"column\" data-e-type=\"column\">\n\t\t\t<div class=\"elementor-widget-wrap elementor-element-populated\">\n\t\t\t\t\t\t<div class=\"elementor-element elementor-element-ae87962 elementor-widget elementor-widget-text-editor\" data-id=\"ae87962\" data-element_type=\"widget\" data-e-type=\"widget\" data-widget_type=\"text-editor.default\">\n\t\t\t\t<div class=\"elementor-widget-container\">\n\t\t\t\t\t\t\t\t\t<p>\ud83c\udde9\ud83c\uddea Sie finden Parkpl\u00e4tze ganz in der N\u00e4he oder auf dem Gel\u00e4nde. Zu bedenken gilt, dass der Zugang zum Parkplatz im Hof nur von der Ortsmitte aus kommend m\u00f6glich ist. Schauen Sie die Bilder unten an, der Parkplatz 1 befindet sich im Hof, der Parkplatz 2 am zerst\u00f6rten Wasserh\u00e4uschen.<\/p>\t\t\t\t\t\t\t\t<\/div>\n\t\t\t\t<\/div>\n\t\t\t\t\t<\/div>\n\t\t<\/div>\n\t\t\t\t\t<\/div>\n\t\t<\/section>\n\t\t\t\t<section class=\"elementor-section elementor-top-section elementor-element elementor-element-ce9dfd8 elementor-section-boxed elementor-section-height-default elementor-section-height-default\" data-id=\"ce9dfd8\" data-element_type=\"section\" data-e-type=\"section\">\n\t\t\t\t\t\t<div class=\"elementor-container elementor-column-gap-default\">\n\t\t\t\t\t<div class=\"elementor-column elementor-col-25 elementor-top-column elementor-element elementor-element-f5e1523\" data-id=\"f5e1523\" data-element_type=\"column\" data-e-type=\"column\">\n\t\t\t<div class=\"elementor-widget-wrap elementor-element-populated\">\n\t\t\t\t\t\t<div class=\"elementor-element elementor-element-b143b61 elementor-widget elementor-widget-image\" data-id=\"b143b61\" data-element_type=\"widget\" data-e-type=\"widget\" data-widget_type=\"image.default\">\n\t\t\t\t<div class=\"elementor-widget-container\">\n\t\t\t\t\t\t\t\t\t\t\t\t\t\t\t<img fetchpriority=\"high\" decoding=\"async\" width=\"320\" height=\"240\" src=\"https:\/\/firniss.synology.me\/wordpress\/wp-content\/uploads\/2024\/03\/Parking-1-loin.jpeg\" class=\"attachment-large size-large wp-image-305\" alt=\"\" srcset=\"https:\/\/firniss.synology.me\/wordpress\/wp-content\/uploads\/2024\/03\/Parking-1-loin.jpeg 320w, https:\/\/firniss.synology.me\/wordpress\/wp-content\/uploads\/2024\/03\/Parking-1-loin-300x225.jpeg 300w\" sizes=\"(max-width: 320px) 100vw, 320px\" \/>\t\t\t\t\t\t\t\t\t\t\t\t\t\t\t<\/div>\n\t\t\t\t<\/div>\n\t\t\t\t\t<\/div>\n\t\t<\/div>\n\t\t\t\t<div class=\"elementor-column elementor-col-25 elementor-top-column elementor-element elementor-element-b499b60\" data-id=\"b499b60\" data-element_type=\"column\" data-e-type=\"column\">\n\t\t\t<div class=\"elementor-widget-wrap elementor-element-populated\">\n\t\t\t\t\t\t<div class=\"elementor-element elementor-element-6c4c34c elementor-widget elementor-widget-image\" data-id=\"6c4c34c\" data-element_type=\"widget\" data-e-type=\"widget\" data-widget_type=\"image.default\">\n\t\t\t\t<div class=\"elementor-widget-container\">\n\t\t\t\t\t\t\t\t\t\t\t\t\t\t\t<img decoding=\"async\" width=\"320\" height=\"240\" src=\"https:\/\/firniss.synology.me\/wordpress\/wp-content\/uploads\/2024\/03\/Parking-1.jpeg\" class=\"attachment-large size-large wp-image-306\" alt=\"\" srcset=\"https:\/\/firniss.synology.me\/wordpress\/wp-content\/uploads\/2024\/03\/Parking-1.jpeg 320w, https:\/\/firniss.synology.me\/wordpress\/wp-content\/uploads\/2024\/03\/Parking-1-300x225.jpeg 300w\" sizes=\"(max-width: 320px) 100vw, 320px\" \/>\t\t\t\t\t\t\t\t\t\t\t\t\t\t\t<\/div>\n\t\t\t\t<\/div>\n\t\t\t\t\t<\/div>\n\t\t<\/div>\n\t\t\t\t<div class=\"elementor-column elementor-col-25 elementor-top-column elementor-element elementor-element-c410f77\" data-id=\"c410f77\" data-element_type=\"column\" data-e-type=\"column\">\n\t\t\t<div class=\"elementor-widget-wrap elementor-element-populated\">\n\t\t\t\t\t\t<div class=\"elementor-element elementor-element-2ba8ca4 elementor-widget elementor-widget-image\" data-id=\"2ba8ca4\" data-element_type=\"widget\" data-e-type=\"widget\" data-widget_type=\"image.default\">\n\t\t\t\t<div class=\"elementor-widget-container\">\n\t\t\t\t\t\t\t\t\t\t\t\t\t\t\t<img decoding=\"async\" width=\"320\" height=\"240\" src=\"https:\/\/firniss.synology.me\/wordpress\/wp-content\/uploads\/2024\/03\/Parking-2-loin.jpeg\" class=\"attachment-large size-large wp-image-307\" alt=\"\" srcset=\"https:\/\/firniss.synology.me\/wordpress\/wp-content\/uploads\/2024\/03\/Parking-2-loin.jpeg 320w, https:\/\/firniss.synology.me\/wordpress\/wp-content\/uploads\/2024\/03\/Parking-2-loin-300x225.jpeg 300w\" sizes=\"(max-width: 320px) 100vw, 320px\" \/>\t\t\t\t\t\t\t\t\t\t\t\t\t\t\t<\/div>\n\t\t\t\t<\/div>\n\t\t\t\t\t<\/div>\n\t\t<\/div>\n\t\t\t\t<div class=\"elementor-column elementor-col-25 elementor-top-column elementor-element elementor-element-4149ef3\" data-id=\"4149ef3\" data-element_type=\"column\" data-e-type=\"column\">\n\t\t\t<div class=\"elementor-widget-wrap elementor-element-populated\">\n\t\t\t\t\t\t<div class=\"elementor-element elementor-element-bec9edd elementor-widget elementor-widget-image\" data-id=\"bec9edd\" data-element_type=\"widget\" data-e-type=\"widget\" data-widget_type=\"image.default\">\n\t\t\t\t<div class=\"elementor-widget-container\">\n\t\t\t\t\t\t\t\t\t\t\t\t\t\t\t<img loading=\"lazy\" decoding=\"async\" width=\"320\" height=\"240\" src=\"https:\/\/firniss.synology.me\/wordpress\/wp-content\/uploads\/2024\/03\/Parking-2.jpeg\" class=\"attachment-large size-large wp-image-308\" alt=\"\" srcset=\"https:\/\/firniss.synology.me\/wordpress\/wp-content\/uploads\/2024\/03\/Parking-2.jpeg 320w, https:\/\/firniss.synology.me\/wordpress\/wp-content\/uploads\/2024\/03\/Parking-2-300x225.jpeg 300w\" sizes=\"(max-width: 320px) 100vw, 320px\" \/>\t\t\t\t\t\t\t\t\t\t\t\t\t\t\t<\/div>\n\t\t\t\t<\/div>\n\t\t\t\t\t<\/div>\n\t\t<\/div>\n\t\t\t\t\t<\/div>\n\t\t<\/section>\n\t\t\t\t<section class=\"elementor-section elementor-top-section elementor-element elementor-element-c3433c4 elementor-section-boxed elementor-section-height-default elementor-section-height-default\" data-id=\"c3433c4\" data-element_type=\"section\" data-e-type=\"section\">\n\t\t\t\t\t\t<div class=\"elementor-container elementor-column-gap-default\">\n\t\t\t\t\t<div class=\"elementor-column elementor-col-50 elementor-top-column elementor-element elementor-element-ca8d91a\" data-id=\"ca8d91a\" data-element_type=\"column\" data-e-type=\"column\">\n\t\t\t<div class=\"elementor-widget-wrap elementor-element-populated\">\n\t\t\t\t\t\t<div class=\"elementor-element elementor-element-b70729e elementor-widget elementor-widget-text-editor\" data-id=\"b70729e\" data-element_type=\"widget\" data-e-type=\"widget\" data-widget_type=\"text-editor.default\">\n\t\t\t\t<div class=\"elementor-widget-container\">\n\t\t\t\t\t\t\t\t\t<p>\ud83c\uddeb\ud83c\uddf7 Pour vous rendre au cabinet, descendez les escaliers jusqu&rsquo;au sous-sol \u00e0 gauche de la maison.<\/p>\t\t\t\t\t\t\t\t<\/div>\n\t\t\t\t<\/div>\n\t\t\t\t\t<\/div>\n\t\t<\/div>\n\t\t\t\t<div class=\"elementor-column elementor-col-50 elementor-top-column elementor-element elementor-element-d6d02fa\" data-id=\"d6d02fa\" data-element_type=\"column\" data-e-type=\"column\">\n\t\t\t<div class=\"elementor-widget-wrap elementor-element-populated\">\n\t\t\t\t\t\t<div class=\"elementor-element elementor-element-65f0098 elementor-widget elementor-widget-text-editor\" data-id=\"65f0098\" data-element_type=\"widget\" data-e-type=\"widget\" data-widget_type=\"text-editor.default\">\n\t\t\t\t<div class=\"elementor-widget-container\">\n\t\t\t\t\t\t\t\t\t<p>\ud83c\udde9\ud83c\uddea Zur Praxis geht es dann am Haus links die Treppe zum Untergeschoss runter.<\/p>\t\t\t\t\t\t\t\t<\/div>\n\t\t\t\t<\/div>\n\t\t\t\t\t<\/div>\n\t\t<\/div>\n\t\t\t\t\t<\/div>\n\t\t<\/section>\n\t\t\t\t<section class=\"elementor-section elementor-top-section elementor-element elementor-element-418dfa5 elementor-section-boxed elementor-section-height-default elementor-section-height-default\" data-id=\"418dfa5\" data-element_type=\"section\" data-e-type=\"section\">\n\t\t\t\t\t\t<div class=\"elementor-container elementor-column-gap-default\">\n\t\t\t\t\t<div class=\"elementor-column elementor-col-100 elementor-top-column elementor-element elementor-element-c66bf5e\" data-id=\"c66bf5e\" data-element_type=\"column\" data-e-type=\"column\">\n\t\t\t<div class=\"elementor-widget-wrap elementor-element-populated\">\n\t\t\t\t\t\t<div class=\"elementor-element elementor-element-0a78683 elementor-widget elementor-widget-image\" data-id=\"0a78683\" data-element_type=\"widget\" data-e-type=\"widget\" data-widget_type=\"image.default\">\n\t\t\t\t<div class=\"elementor-widget-container\">\n\t\t\t\t\t\t\t\t\t\t\t\t\t\t\t<img loading=\"lazy\" decoding=\"async\" width=\"800\" height=\"600\" src=\"https:\/\/firniss.synology.me\/wordpress\/wp-content\/uploads\/2025\/01\/Entree-1024x768.jpg\" class=\"attachment-large size-large wp-image-482\" alt=\"\" srcset=\"https:\/\/firniss.synology.me\/wordpress\/wp-content\/uploads\/2025\/01\/Entree-1024x768.jpg 1024w, https:\/\/firniss.synology.me\/wordpress\/wp-content\/uploads\/2025\/01\/Entree-300x225.jpg 300w, https:\/\/firniss.synology.me\/wordpress\/wp-content\/uploads\/2025\/01\/Entree-768x576.jpg 768w, https:\/\/firniss.synology.me\/wordpress\/wp-content\/uploads\/2025\/01\/Entree-1536x1152.jpg 1536w, https:\/\/firniss.synology.me\/wordpress\/wp-content\/uploads\/2025\/01\/Entree-2048x1536.jpg 2048w\" sizes=\"(max-width: 800px) 100vw, 800px\" \/>\t\t\t\t\t\t\t\t\t\t\t\t\t\t\t<\/div>\n\t\t\t\t<\/div>\n\t\t\t\t\t<\/div>\n\t\t<\/div>\n\t\t\t\t\t<\/div>\n\t\t<\/section>\n\t\t\t\t<\/div>\n\t\t","protected":false},"excerpt":{"rendered":"<p>Parking \ud83c\uddeb\ud83c\uddf7 Vous pouvez trouver un parking \u00e0 proximit\u00e9 ou sur place. A noter que l&rsquo;acc\u00e8s au parking dans la cour n&rsquo;est possible que depuis le centre-ville. Regardez les photos ci-dessous, le parking 1 est dans la cour, le parking 2 \u00e0 la ch\u00e2teau d&rsquo;eau d\u00e9truite. \ud83c\udde9\ud83c\uddea Sie finden Parkpl\u00e4tze ganz in der N\u00e4he oder [&hellip;]<\/p>\n","protected":false},"author":1,"featured_media":0,"parent":187,"menu_order":3,"comment_status":"closed","ping_status":"closed","template":"","meta":{"footnotes":""},"class_list":["post-239","page","type-page","status-publish","hentry"],"_links":{"self":[{"href":"https:\/\/firniss.synology.me\/wordpress\/index.php?rest_route=\/wp\/v2\/pages\/239","targetHints":{"allow":["GET"]}}],"collection":[{"href":"https:\/\/firniss.synology.me\/wordpress\/index.php?rest_route=\/wp\/v2\/pages"}],"about":[{"href":"https:\/\/firniss.synology.me\/wordpress\/index.php?rest_route=\/wp\/v2\/types\/page"}],"author":[{"embeddable":true,"href":"https:\/\/firniss.synology.me\/wordpress\/index.php?rest_route=\/wp\/v2\/users\/1"}],"replies":[{"embeddable":true,"href":"https:\/\/firniss.synology.me\/wordpress\/index.php?rest_route=%2Fwp%2Fv2%2Fcomments&post=239"}],"version-history":[{"count":28,"href":"https:\/\/firniss.synology.me\/wordpress\/index.php?rest_route=\/wp\/v2\/pages\/239\/revisions"}],"predecessor-version":[{"id":549,"href":"https:\/\/firniss.synology.me\/wordpress\/index.php?rest_route=\/wp\/v2\/pages\/239\/revisions\/549"}],"up":[{"embeddable":true,"href":"https:\/\/firniss.synology.me\/wordpress\/index.php?rest_route=\/wp\/v2\/pages\/187"}],"wp:attachment":[{"href":"https:\/\/firniss.synology.me\/wordpress\/index.php?rest_route=%2Fwp%2Fv2%2Fmedia&parent=239"}],"curies":[{"name":"wp","href":"https:\/\/api.w.org\/{rel}","templated":true}]}}